{"id":1912,"date":"2025-09-28T19:58:46","date_gmt":"2025-09-28T17:58:46","guid":{"rendered":"https:\/\/laclassedulama.fr\/blog\/?page_id=1912"},"modified":"2025-12-16T08:32:32","modified_gmt":"2025-12-16T07:32:32","slug":"mes-heures","status":"publish","type":"page","link":"https:\/\/laclassedulama.fr\/blog\/mes-heures\/","title":{"rendered":"Mes heures"},"content":{"rendered":"\n<figure class=\"wp-block-image aligncenter size-full is-resized\"><img loading=\"lazy\" decoding=\"async\" width=\"480\" height=\"480\" src=\"https:\/\/laclassedulama.fr\/blog\/wp-content\/uploads\/2025\/12\/mes_heures.jpg\" alt=\"\" class=\"wp-image-2343\" style=\"width:188px;height:auto\" srcset=\"https:\/\/laclassedulama.fr\/blog\/wp-content\/uploads\/2025\/12\/mes_heures.jpg 480w, https:\/\/laclassedulama.fr\/blog\/wp-content\/uploads\/2025\/12\/mes_heures-300x300.jpg 300w, https:\/\/laclassedulama.fr\/blog\/wp-content\/uploads\/2025\/12\/mes_heures-150x150.jpg 150w\" sizes=\"auto, (max-width: 480px) 100vw, 480px\" \/><\/figure>\n\n\n\n<p><strong>Mes heures<\/strong> est une application gratuite pour smartphone (Android &amp; iOS) pens\u00e9e pour les enseignants (mais pas que !), qui souhaitent garder une trace claire et organis\u00e9e de leur temps de travail.&nbsp;<br>En quelques clics, renseignez vos t\u00e2ches par cat\u00e9gorie et visualisez votre progression.<\/p>\n\n\n\n<div class=\"wp-block-group alignwide is-vertical is-content-justification-center is-layout-flex wp-container-core-group-is-layout-ce155fab wp-block-group-is-layout-flex\">\n<iframe loading=\"lazy\" title=\"MES HEURES : une app pour compter vos heures\" width=\"560\" height=\"315\" src=\"https:\/\/tube-numerique-educatif.apps.education.fr\/videos\/embed\/iYJRrEomQ9yBQsxYN6wWXL?warningTitle=0&amp;p2p=0\" frameborder=\"0\" allowfullscreen=\"\" sandbox=\"allow-same-origin allow-scripts allow-popups allow-forms\"><\/iframe>\n<\/div>\n\n\n\n<figure class=\"wp-block-gallery has-nested-images columns-default is-cropped wp-block-gallery-1 is-layout-flex wp-block-gallery-is-layout-flex\">\n<figure class=\"wp-block-image size-large\"><img loading=\"lazy\" decoding=\"async\" width=\"576\" height=\"1024\" data-id=\"1701\" src=\"https:\/\/laclassedulama.fr\/blog\/wp-content\/uploads\/2025\/07\/mesheures_00001-576x1024.png\" alt=\"\" class=\"wp-image-1701\" srcset=\"https:\/\/laclassedulama.fr\/blog\/wp-content\/uploads\/2025\/07\/mesheures_00001-576x1024.png 576w, https:\/\/laclassedulama.fr\/blog\/wp-content\/uploads\/2025\/07\/mesheures_00001-169x300.png 169w, https:\/\/laclassedulama.fr\/blog\/wp-content\/uploads\/2025\/07\/mesheures_00001-768x1365.png 768w, https:\/\/laclassedulama.fr\/blog\/wp-content\/uploads\/2025\/07\/mesheures_00001-864x1536.png 864w, https:\/\/laclassedulama.fr\/blog\/wp-content\/uploads\/2025\/07\/mesheures_00001.png 1080w\" sizes=\"auto, (max-width: 576px) 100vw, 576px\" \/><\/figure>\n\n\n\n<figure class=\"wp-block-image size-large\"><img loading=\"lazy\" decoding=\"async\" width=\"471\" height=\"1024\" data-id=\"1699\" src=\"https:\/\/laclassedulama.fr\/blog\/wp-content\/uploads\/2025\/07\/mesheures_00002-471x1024.png\" alt=\"\" class=\"wp-image-1699\" srcset=\"https:\/\/laclassedulama.fr\/blog\/wp-content\/uploads\/2025\/07\/mesheures_00002-471x1024.png 471w, https:\/\/laclassedulama.fr\/blog\/wp-content\/uploads\/2025\/07\/mesheures_00002-138x300.png 138w, https:\/\/laclassedulama.fr\/blog\/wp-content\/uploads\/2025\/07\/mesheures_00002-768x1669.png 768w, https:\/\/laclassedulama.fr\/blog\/wp-content\/uploads\/2025\/07\/mesheures_00002-707x1536.png 707w, https:\/\/laclassedulama.fr\/blog\/wp-content\/uploads\/2025\/07\/mesheures_00002-943x2048.png 943w, https:\/\/laclassedulama.fr\/blog\/wp-content\/uploads\/2025\/07\/mesheures_00002-scaled.png 1178w\" sizes=\"auto, (max-width: 471px) 100vw, 471px\" \/><\/figure>\n\n\n\n<figure class=\"wp-block-image size-large\"><img loading=\"lazy\" decoding=\"async\" width=\"471\" height=\"1024\" data-id=\"1700\" src=\"https:\/\/laclassedulama.fr\/blog\/wp-content\/uploads\/2025\/07\/mesheures_00003-471x1024.png\" alt=\"\" class=\"wp-image-1700\" srcset=\"https:\/\/laclassedulama.fr\/blog\/wp-content\/uploads\/2025\/07\/mesheures_00003-471x1024.png 471w, https:\/\/laclassedulama.fr\/blog\/wp-content\/uploads\/2025\/07\/mesheures_00003-138x300.png 138w, https:\/\/laclassedulama.fr\/blog\/wp-content\/uploads\/2025\/07\/mesheures_00003-768x1669.png 768w, https:\/\/laclassedulama.fr\/blog\/wp-content\/uploads\/2025\/07\/mesheures_00003-707x1536.png 707w, https:\/\/laclassedulama.fr\/blog\/wp-content\/uploads\/2025\/07\/mesheures_00003-943x2048.png 943w, https:\/\/laclassedulama.fr\/blog\/wp-content\/uploads\/2025\/07\/mesheures_00003-scaled.png 1178w\" sizes=\"auto, (max-width: 471px) 100vw, 471px\" \/><\/figure>\n<\/figure>\n\n\n\n<p>&#8211; Ajout rapide de t\u00e2ches avec date, dur\u00e9e (heures + minutes) et description<br>&#8211; Suivi des heures par cat\u00e9gorie (pr\u00e9paration, correction, r\u00e9unions, etc.)<br>&#8211; Barres de progression claires par cat\u00e9gorie<br>&#8211; Affichage d\u00e9taill\u00e9 des heures effectu\u00e9es pour chaque t\u00e2che<br>&#8211; Cat\u00e9gories enti\u00e8rement personnalisables<br>&#8211; Export en PDF de toutes les t\u00e2ches<\/p>\n\n\n\n<p><strong>Nouveaut\u00e9 v.0.2.0 :<\/strong> vous pouvez sauvegarder vos saisies par s\u00e9curit\u00e9, mais aussi pour les importer en cas de changement d&rsquo;appareil.<\/p>\n\n\n\n<p>Le stockage de vos donn\u00e9es est local et s\u00e9curis\u00e9 : aucune donn\u00e9e n&rsquo;est envoy\u00e9e en ligne. Et comme toujours, c&rsquo;est gratuit et sans pub !<\/p>\n\n\n\n<p>Quel que soit votre m\u00e9tier, <strong>Mes heures<\/strong> vous permet de visualiser vos heures r\u00e9alis\u00e9es et de gagner en clart\u00e9.<\/p>\n\n\n\n<p>D\u2019apr\u00e8s l\u2019id\u00e9e de Julien W. \ud83d\ude4f\ud83d\udc4d<\/p>\n\n\n\n<figure class=\"wp-block-image aligncenter\"><img loading=\"lazy\" decoding=\"async\" width=\"358\" height=\"112\" src=\"https:\/\/laclassedulama.fr\/blog\/wp-content\/uploads\/2023\/07\/bouton_google_play.png\" alt=\"\" class=\"wp-image-161\" srcset=\"https:\/\/laclassedulama.fr\/blog\/wp-content\/uploads\/2023\/07\/bouton_google_play.png 358w, https:\/\/laclassedulama.fr\/blog\/wp-content\/uploads\/2023\/07\/bouton_google_play-300x94.png 300w\" sizes=\"auto, (max-width: 358px) 100vw, 358px\" \/><\/figure>\n\n\n\n<p><strong>Google Play sur Android :<\/strong> <a href=\"https:\/\/play.google.com\/store\/apps\/details?id=com.becquet.mes_heures_de_prof\">https:\/\/play.google.com\/store\/apps\/details?id=com.becquet.mes_heures_de_prof<\/a><\/p>\n\n\n\n<figure class=\"wp-block-image aligncenter\"><img loading=\"lazy\" decoding=\"async\" width=\"358\" height=\"112\" src=\"https:\/\/laclassedulama.fr\/blog\/wp-content\/uploads\/2023\/07\/bouton_app_store.png\" alt=\"\" class=\"wp-image-158\" srcset=\"https:\/\/laclassedulama.fr\/blog\/wp-content\/uploads\/2023\/07\/bouton_app_store.png 358w, https:\/\/laclassedulama.fr\/blog\/wp-content\/uploads\/2023\/07\/bouton_app_store-300x94.png 300w\" sizes=\"auto, (max-width: 358px) 100vw, 358px\" \/><\/figure>\n\n\n\n<p><strong>App Store sur iPhone \/ iPad :<\/strong> <a href=\"https:\/\/apps.apple.com\/fr\/app\/mes-heures-lcdl\/id6748744093\">https:\/\/apps.apple.com\/fr\/app\/mes-heures-lcdl\/id6748744093<\/a> <\/p>\n\n\n\n<p>Si vous appr\u00e9ciez La classe du lama, n&rsquo;h\u00e9sitez pas \u00e0 <a href=\"https:\/\/laclassedulama.fr\/blog\/soutenez-le-projet\/\" data-type=\"page\" data-id=\"50\">soutenir l&rsquo;association<\/a> ! Merci d&rsquo;avance \u2764\ufe0f<\/p>\n\n\n\n<figure class=\"wp-block-image size-large\"><a href=\"https:\/\/laclassedulama.fr\/blog\/soutenez-le-projet\/\"><img loading=\"lazy\" decoding=\"async\" width=\"1024\" height=\"1024\" src=\"https:\/\/laclassedulama.fr\/blog\/wp-content\/uploads\/2025\/08\/IMG_2771-1024x1024.jpg\" alt=\"\" class=\"wp-image-1810\" srcset=\"https:\/\/laclassedulama.fr\/blog\/wp-content\/uploads\/2025\/08\/IMG_2771-1024x1024.jpg 1024w, https:\/\/laclassedulama.fr\/blog\/wp-content\/uploads\/2025\/08\/IMG_2771-300x300.jpg 300w, https:\/\/laclassedulama.fr\/blog\/wp-content\/uploads\/2025\/08\/IMG_2771-150x150.jpg 150w, https:\/\/laclassedulama.fr\/blog\/wp-content\/uploads\/2025\/08\/IMG_2771-768x768.jpg 768w, https:\/\/laclassedulama.fr\/blog\/wp-content\/uploads\/2025\/08\/IMG_2771.jpg 1080w\" sizes=\"auto, (max-width: 1024px) 100vw, 1024px\" \/><\/a><\/figure>\n","protected":false},"excerpt":{"rendered":"<p>Mes heures est une application gratuite pour smartphone (Android &amp; iOS) pens\u00e9e pour les enseignants (mais pas que !), qui souhaitent garder une trace claire et organis\u00e9e de leur temps de travail.&nbsp;En quelques clics, renseignez vos t\u00e2ches par cat\u00e9gorie et visualisez votre progression. &#8211; Ajout rapide de t\u00e2ches avec date, dur\u00e9e (heures + minutes) et [&hellip;]<\/p>\n","protected":false},"author":1,"featured_media":0,"parent":0,"menu_order":0,"comment_status":"closed","ping_status":"closed","template":"","meta":{"footnotes":""},"class_list":["post-1912","page","type-page","status-publish","hentry"],"_links":{"self":[{"href":"https:\/\/laclassedulama.fr\/blog\/wp-json\/wp\/v2\/pages\/1912","targetHints":{"allow":["GET"]}}],"collection":[{"href":"https:\/\/laclassedulama.fr\/blog\/wp-json\/wp\/v2\/pages"}],"about":[{"href":"https:\/\/laclassedulama.fr\/blog\/wp-json\/wp\/v2\/types\/page"}],"author":[{"embeddable":true,"href":"https:\/\/laclassedulama.fr\/blog\/wp-json\/wp\/v2\/users\/1"}],"replies":[{"embeddable":true,"href":"https:\/\/laclassedulama.fr\/blog\/wp-json\/wp\/v2\/comments?post=1912"}],"version-history":[{"count":3,"href":"https:\/\/laclassedulama.fr\/blog\/wp-json\/wp\/v2\/pages\/1912\/revisions"}],"predecessor-version":[{"id":2344,"href":"https:\/\/laclassedulama.fr\/blog\/wp-json\/wp\/v2\/pages\/1912\/revisions\/2344"}],"wp:attachment":[{"href":"https:\/\/laclassedulama.fr\/blog\/wp-json\/wp\/v2\/media?parent=1912"}],"curies":[{"name":"wp","href":"https:\/\/api.w.org\/{rel}","templated":true}]}}