{"id":237,"date":"2023-08-26T17:25:19","date_gmt":"2023-08-26T15:25:19","guid":{"rendered":"https:\/\/laclassedulama.fr\/blog\/?page_id=237"},"modified":"2025-08-24T10:51:40","modified_gmt":"2025-08-24T08:51:40","slug":"au-tableau","status":"publish","type":"page","link":"https:\/\/laclassedulama.fr\/blog\/au-tableau\/","title":{"rendered":"Au tableau 2025-2026"},"content":{"rendered":"\n<p>Une application \u00e0 destination des professeurs du 1er degr\u00e9, regroupant plusieurs outils : rituels (date, m\u00e9t\u00e9o, pr\u00e9sences&#8230;), gestion de groupes de travail, etc.<\/p>\n\n\n\n<figure class=\"wp-block-video\"><video height=\"1080\" style=\"aspect-ratio: 1920 \/ 1080;\" width=\"1920\" controls src=\"https:\/\/laclassedulama.fr\/blog\/wp-content\/uploads\/2024\/08\/autableau_preview_2024-2025.mp4\"><\/video><\/figure>\n\n\n\n<hr class=\"wp-block-separator has-text-color has-vivid-cyan-blue-color has-alpha-channel-opacity has-vivid-cyan-blue-background-color has-background is-style-wide\"\/>\n\n\n\n<div class=\"wp-block-group has-global-padding is-layout-constrained wp-block-group-is-layout-constrained\">\n<h2 class=\"wp-block-heading\">Documentation PDF :<\/h2>\n\n\n\n<div data-wp-interactive=\"core\/file\" class=\"wp-block-file\"><object data-wp-bind--hidden=\"!state.hasPdfPreview\" hidden class=\"wp-block-file__embed\" data=\"https:\/\/laclassedulama.fr\/blog\/wp-content\/uploads\/2024\/08\/Au-tableau-2024-2025-9.2.1-documentation.pdf\" type=\"application\/pdf\" style=\"width:100%;height:600px\" aria-label=\"Contenu embarqu\u00e9 Au tableau 2024-2025 9.2.1 documentation.\"><\/object><a id=\"wp-block-file--media-123c4786-1b7c-429a-97ec-885780e34e22\" href=\"https:\/\/laclassedulama.fr\/blog\/wp-content\/uploads\/2024\/08\/Au-tableau-2024-2025-9.2.1-documentation.pdf\">Au tableau 2024-2025 9.2.1 documentation<\/a><a href=\"https:\/\/laclassedulama.fr\/blog\/wp-content\/uploads\/2024\/08\/Au-tableau-2024-2025-9.2.1-documentation.pdf\" class=\"wp-block-file__button wp-element-button\" download aria-describedby=\"wp-block-file--media-123c4786-1b7c-429a-97ec-885780e34e22\">T\u00e9l\u00e9charger<\/a><\/div>\n<\/div>\n\n\n\n<hr class=\"wp-block-separator has-text-color has-vivid-cyan-blue-color has-alpha-channel-opacity has-vivid-cyan-blue-background-color has-background is-style-wide\"\/>\n\n\n\n<div class=\"wp-block-group has-global-padding is-layout-constrained wp-block-group-is-layout-constrained\">\n<h2 class=\"wp-block-heading\">Tutoriels videos :<\/h2>\n\n\n\n<p class=\"has-vivid-red-color has-text-color has-link-color wp-elements-7df36ede8252ce2f72d3a0cb80ab07da\">Vous trouverez dans <strong>cette playlist 2024-2025<\/strong> une pr\u00e9sentation d\u00e9taill\u00e9e de chaque outil, avec les nouveaut\u00e9 :<\/p>\n\n\n\n<p class=\"has-text-align-center\">\ud83c\udfac <a href=\"https:\/\/tube-numerique-educatif.apps.education.fr\/w\/p\/ezRmzDeYMpXhiGiq2rB5B1?playlistPosition=1\" target=\"_blank\" rel=\"noreferrer noopener\">REGARDER LES TUTOS<\/a> \ud83c\udfac<br>(vous pouvez m\u00eame les t\u00e9l\u00e9charger depuis PortailTube pour les regarder plus tard sans internet \ud83d\ude09 )<\/p>\n<\/div>\n\n\n\n<hr class=\"wp-block-separator has-text-color has-vivid-cyan-blue-color has-alpha-channel-opacity has-vivid-cyan-blue-background-color has-background is-style-wide\"\/>\n\n\n\n<div class=\"wp-block-group has-global-padding is-layout-constrained wp-block-group-is-layout-constrained\">\n<h2 class=\"wp-block-heading\">Qu&rsquo;en pensez-vous ?<\/h2>\n\n\n\n<p>N&rsquo;h\u00e9sitez pas \u00e0 me faire un retour si vous rencontrez des bugs, ou si vous avez des suggestions d&rsquo;am\u00e9lioration ! Envoyez-moi un mail avec vos remarques ! \ud83d\ude4f<\/p>\n<\/div>\n\n\n\n<hr class=\"wp-block-separator has-text-color has-vivid-cyan-blue-color has-alpha-channel-opacity has-vivid-cyan-blue-background-color has-background is-style-wide\"\/>\n\n\n\n<div class=\"wp-block-group has-global-padding is-layout-constrained wp-block-group-is-layout-constrained\">\n<h2 class=\"wp-block-heading\">Remerciements<\/h2>\n\n\n\n<ul class=\"wp-block-list\">\n<li>Jean Boyault pour son aimable autorisation quant \u00e0 l&rsquo;utilisation de ses formidables polices \u00ab\u00a0Belle allure\u00a0\u00bb : <a href=\"https:\/\/www.jeanboyault.fr\/belle-allure\/\" target=\"_blank\" rel=\"noreferrer noopener\">https:\/\/www.jeanboyault.fr\/belle-allure\/<\/a> .<\/li>\n\n\n\n<li>Tous les membres de l&rsquo;association \u00ab\u00a0La classe du lama\u00a0\u00bb <\/li>\n\n\n\n<li>St\u00e9phane Deudon (PrimTux)<\/li>\n<\/ul>\n\n\n\n<p>Merci \u00e0 tous les <a href=\"https:\/\/laclassedulama.fr\/blog\/soutenez-le-projet\/\">donateurs<\/a> qui me permettent de faire grandir ce projet ! <\/p>\n\n\n\n<p>Merci \u00e0 Easytis, les communes de Bailleul-Sire-Berthoult et d&rsquo;Arras pour leur soutien.<\/p>\n\n\n\n<p class=\"has-pale-pink-background-color has-background\">Si vous appr\u00e9ciez cette application, vous pouvez soutenir la classe du lama en faisant <a href=\"https:\/\/laclassedulama.fr\/blog\/soutenez-le-projet\/\" data-type=\"page\" data-id=\"50\">un petit don<\/a> \u00e0 l&rsquo;association.<br>Chaque geste compte beaucoup pour nous. Merci ! \ud83d\ude4f<\/p>\n<\/div>\n\n\n\n<hr class=\"wp-block-separator has-text-color has-vivid-cyan-blue-color has-alpha-channel-opacity has-vivid-cyan-blue-background-color has-background is-style-wide\"\/>\n\n\n\n<div class=\"wp-block-group has-global-padding is-layout-constrained wp-block-group-is-layout-constrained\">\n<h2 class=\"wp-block-heading\">T\u00e9l\u00e9chargements :<\/h2>\n\n\n\n<p>\ud83d\udea8Si vous rencontrez un probl\u00e8me, \u27a1\ufe0f<a rel=\"noreferrer noopener\" href=\"\/\/laclassedulama.fr\/forum\/\" target=\"_blank\">RDV sur le forum<\/a> \u2b05\ufe0f pour que je puisse vous aider (il faudra juste vous cr\u00e9er un compte).<\/p>\n\n\n\n<p class=\"has-vivid-cyan-blue-color has-text-color has-link-color has-medium-font-size wp-elements-f50e8333ef307febed80dd86d2ec050c\"><strong>Vous avez un VPI Epson ?<\/strong> Vous rencontrez des difficult\u00e9s lors de l&rsquo;utilisation du stylet ? Voici la solution, trouv\u00e9e par St\u00e9phane Lastere et S\u00e9bastien Papineau !<\/p>\n\n\n<div class='w3eden'><!-- WPDM Link Template: Default Template -->\n\n<div class=\"link-template-default card mb-2\">\n    <div class=\"card-body\">\n        <div class=\"media\">\n            <div class=\"mr-3 img-48\"><img decoding=\"async\" class=\"wpdm_icon\" alt=\"Ic\u00f4ne\" src=\"https:\/\/laclassedulama.fr\/blog\/wp-content\/plugins\/download-manager\/assets\/file-type-icons\/web.svg\" \/><\/div>\n            <div class=\"media-body\">\n                <h3 class=\"package-title\"><a href='https:\/\/laclassedulama.fr\/blog\/download\/reglages-sur-vpi-epson\/'>R\u00e9glages sur VPI EPSON<\/a><\/h3>\n                <div class=\"text-muted text-small\"><i class=\"fas fa-copy\"><\/i> 1 fichier\u00b7s <i class=\"fas fa-hdd ml-3\"><\/i> 0.00 KB<\/div>\n            <\/div>\n            <div class=\"ml-3\">\n                <a class='wpdm-download-link download-on-click btn btn-primary ' rel='nofollow' href='#' data-downloadurl=\"https:\/\/laclassedulama.fr\/blog\/download\/reglages-sur-vpi-epson\/?wpdmdl=462&refresh=69fce6cb8c5651778181835\">T\u00e9l\u00e9charger<\/a>\n            <\/div>\n        <\/div>\n    <\/div>\n<\/div>\n\n<\/div>\n\n\n\n<h2 class=\"wp-block-heading\">Windows<\/h2>\n\n\n<div class='w3eden'><!-- WPDM Link Template: Default Template -->\n\n<div class=\"link-template-default card mb-2\">\n    <div class=\"card-body\">\n        <div class=\"media\">\n            <div class=\"mr-3 img-48\"><img decoding=\"async\" class=\"wpdm_icon\" alt=\"Ic\u00f4ne\" src=\"https:\/\/laclassedulama.fr\/blog\/wp-content\/plugins\/download-manager\/assets\/file-type-icons\/web.svg\" \/><\/div>\n            <div class=\"media-body\">\n                <h3 class=\"package-title\"><a href='https:\/\/laclassedulama.fr\/blog\/download\/au-tableau-windows-0-8-4-0\/'>Au tableau - Windows<\/a><\/h3>\n                <div class=\"text-muted text-small\"><i class=\"fas fa-copy\"><\/i> 1 fichier\u00b7s <i class=\"fas fa-hdd ml-3\"><\/i> 0.00 KB<\/div>\n            <\/div>\n            <div class=\"ml-3\">\n                <a class='wpdm-download-link download-on-click btn btn-primary ' rel='nofollow' href='#' data-downloadurl=\"https:\/\/laclassedulama.fr\/blog\/download\/au-tableau-windows-0-8-4-0\/?wpdmdl=667&refresh=69fce6cb8f0221778181835\">T\u00e9l\u00e9charger<\/a>\n            <\/div>\n        <\/div>\n    <\/div>\n<\/div>\n\n<\/div>\n\n\n\n<p>\ud83d\udea8Tuto pour lancer l&rsquo;appli sous Windows : <a rel=\"noreferrer noopener\" href=\"https:\/\/nuage03.apps.education.fr\/index.php\/s\/Y27WXZEeySNGAjL\" target=\"_blank\">ici<\/a> ! (par d\u00e9faut, Windows bloque les \u00e9diteurs non connus&#8230; )<\/p>\n\n\n\n<h2 class=\"wp-block-heading\">MacOS<\/h2>\n\n\n<div class='w3eden'><!-- WPDM Link Template: Default Template -->\n\n<div class=\"link-template-default card mb-2\">\n    <div class=\"card-body\">\n        <div class=\"media\">\n            <div class=\"mr-3 img-48\"><img decoding=\"async\" class=\"wpdm_icon\" alt=\"Ic\u00f4ne\" src=\"https:\/\/laclassedulama.fr\/blog\/wp-content\/plugins\/download-manager\/assets\/file-type-icons\/web.svg\" \/><\/div>\n            <div class=\"media-body\">\n                <h3 class=\"package-title\"><a href='https:\/\/laclassedulama.fr\/blog\/download\/au-tableau-macos-0-8-4-0\/'>Au tableau - MacOS<\/a><\/h3>\n                <div class=\"text-muted text-small\"><i class=\"fas fa-copy\"><\/i> 1 fichier\u00b7s <i class=\"fas fa-hdd ml-3\"><\/i> 0.00 KB<\/div>\n            <\/div>\n            <div class=\"ml-3\">\n                <a class='wpdm-download-link download-on-click btn btn-primary ' rel='nofollow' href='#' data-downloadurl=\"https:\/\/laclassedulama.fr\/blog\/download\/au-tableau-macos-0-8-4-0\/?wpdmdl=668&refresh=69fce6cb912271778181835\">T\u00e9l\u00e9charger<\/a>\n            <\/div>\n        <\/div>\n    <\/div>\n<\/div>\n\n<\/div>\n\n\n\n<p>\ud83d\udea8Tuto pour lancer l&rsquo;appli sous MacOS : <a href=\"https:\/\/nuage03.apps.education.fr\/index.php\/s\/7ezsc9exzC8a8JD\" data-type=\"link\" data-id=\"https:\/\/nuage03.apps.education.fr\/index.php\/s\/7ezsc9exzC8a8JD\" target=\"_blank\" rel=\"noreferrer noopener\">ici<\/a> ! (par d\u00e9faut, MacOS bloque les \u00e9diteurs non connus&#8230;)<\/p>\n\n\n\n<h2 class=\"wp-block-heading\">Linux<\/h2>\n\n\n<div class='w3eden'><!-- WPDM Link Template: Default Template -->\n\n<div class=\"link-template-default card mb-2\">\n    <div class=\"card-body\">\n        <div class=\"media\">\n            <div class=\"mr-3 img-48\"><img decoding=\"async\" class=\"wpdm_icon\" alt=\"Ic\u00f4ne\" src=\"https:\/\/laclassedulama.fr\/blog\/wp-content\/plugins\/download-manager\/assets\/file-type-icons\/web.svg\" \/><\/div>\n            <div class=\"media-body\">\n                <h3 class=\"package-title\"><a href='https:\/\/laclassedulama.fr\/blog\/download\/au-tableau-linux-0-8-4-0\/'>Au tableau - Linux (64 et 32 bits)<\/a><\/h3>\n                <div class=\"text-muted text-small\"><i class=\"fas fa-copy\"><\/i> 1 fichier\u00b7s <i class=\"fas fa-hdd ml-3\"><\/i> 0.00 KB<\/div>\n            <\/div>\n            <div class=\"ml-3\">\n                <a class='wpdm-download-link download-on-click btn btn-primary ' rel='nofollow' href='#' data-downloadurl=\"https:\/\/laclassedulama.fr\/blog\/download\/au-tableau-linux-0-8-4-0\/?wpdmdl=670&refresh=69fce6cb932c51778181835\">T\u00e9l\u00e9charger<\/a>\n            <\/div>\n        <\/div>\n    <\/div>\n<\/div>\n\n<\/div>\n\n\n\n<p><\/p>\n\n\n\n<h2 class=\"wp-block-heading\">ANDROID<\/h2>\n\n\n\n<p>Attention : cette version est exp\u00e9rimentale ! Je ne garantis pas la compatibilit\u00e9 sur les E.N.I fonctionnant sous ANDROID, ainsi que sur les tablettes.<\/p>\n\n\n<div class='w3eden'><!-- WPDM Link Template: Default Template -->\n\n<div class=\"link-template-default card mb-2\">\n    <div class=\"card-body\">\n        <div class=\"media\">\n            <div class=\"mr-3 img-48\"><img decoding=\"async\" class=\"wpdm_icon\" alt=\"Ic\u00f4ne\" src=\"https:\/\/laclassedulama.fr\/blog\/wp-content\/plugins\/download-manager\/assets\/file-type-icons\/web.svg\" \/><\/div>\n            <div class=\"media-body\">\n                <h3 class=\"package-title\"><a href='https:\/\/laclassedulama.fr\/blog\/download\/au-tableau-2025-2026-android\/'>Au tableau - Android (exp\u00e9rimental)<\/a><\/h3>\n                <div class=\"text-muted text-small\"><i class=\"fas fa-copy\"><\/i> 1 fichier\u00b7s <i class=\"fas fa-hdd ml-3\"><\/i> 0.00 KB<\/div>\n            <\/div>\n            <div class=\"ml-3\">\n                <a class='wpdm-download-link download-on-click btn btn-primary ' rel='nofollow' href='#' data-downloadurl=\"https:\/\/laclassedulama.fr\/blog\/download\/au-tableau-2025-2026-android\/?wpdmdl=698&refresh=69fce6cb942781778181835\">T\u00e9l\u00e9charger<\/a>\n            <\/div>\n        <\/div>\n    <\/div>\n<\/div>\n\n<\/div>\n<\/div>\n\n\n\n<hr class=\"wp-block-separator has-text-color has-vivid-cyan-blue-color has-alpha-channel-opacity has-vivid-cyan-blue-background-color has-background is-style-wide\"\/>\n\n\n\n<div class=\"wp-block-group has-global-padding is-layout-constrained wp-block-group-is-layout-constrained\">\n<blockquote class=\"wp-block-quote is-layout-flow wp-block-quote-is-layout-flow\">\n<h2 class=\"wp-block-heading\">Cr\u00e9ez vos images d&rsquo;ateliers avec ces mod\u00e8les<\/h2>\n<\/blockquote>\n\n\n<div class='w3eden'><!-- WPDM Link Template: Default Template -->\n\n<div class=\"link-template-default card mb-2\">\n    <div class=\"card-body\">\n        <div class=\"media\">\n            <div class=\"mr-3 img-48\"><img decoding=\"async\" class=\"wpdm_icon\" alt=\"Ic\u00f4ne\" src=\"https:\/\/laclassedulama.fr\/blog\/wp-content\/plugins\/download-manager\/assets\/file-type-icons\/web.svg\" \/><\/div>\n            <div class=\"media-body\">\n                <h3 class=\"package-title\"><a href='https:\/\/laclassedulama.fr\/blog\/download\/modele-dimage-pour-au-tableau\/'>Mod\u00e8le d'image pour \"Au tableau\"<\/a><\/h3>\n                <div class=\"text-muted text-small\"><i class=\"fas fa-copy\"><\/i> 1 fichier\u00b7s <i class=\"fas fa-hdd ml-3\"><\/i> 0.00 KB<\/div>\n            <\/div>\n            <div class=\"ml-3\">\n                <a class='wpdm-download-link download-on-click btn btn-primary ' rel='nofollow' href='#' data-downloadurl=\"https:\/\/laclassedulama.fr\/blog\/download\/modele-dimage-pour-au-tableau\/?wpdmdl=265&refresh=69fce6cb954541778181835\">T\u00e9l\u00e9charger<\/a>\n            <\/div>\n        <\/div>\n    <\/div>\n<\/div>\n\n<\/div>\n<\/div>\n","protected":false},"excerpt":{"rendered":"<p>Une application \u00e0 destination des professeurs du 1er degr\u00e9, regroupant plusieurs outils : rituels (date, m\u00e9t\u00e9o, pr\u00e9sences&#8230;), gestion de groupes de travail, etc. Documentation PDF : Tutoriels videos : Vous trouverez dans cette playlist 2024-2025 une pr\u00e9sentation d\u00e9taill\u00e9e de chaque outil, avec les nouveaut\u00e9 : \ud83c\udfac REGARDER LES TUTOS \ud83c\udfac(vous pouvez m\u00eame les t\u00e9l\u00e9charger depuis [&hellip;]<\/p>\n","protected":false},"author":1,"featured_media":1754,"parent":0,"menu_order":0,"comment_status":"closed","ping_status":"closed","template":"","meta":{"footnotes":""},"class_list":["post-237","page","type-page","status-publish","has-post-thumbnail","hentry"],"_links":{"self":[{"href":"https:\/\/laclassedulama.fr\/blog\/wp-json\/wp\/v2\/pages\/237","targetHints":{"allow":["GET"]}}],"collection":[{"href":"https:\/\/laclassedulama.fr\/blog\/wp-json\/wp\/v2\/pages"}],"about":[{"href":"https:\/\/laclassedulama.fr\/blog\/wp-json\/wp\/v2\/types\/page"}],"author":[{"embeddable":true,"href":"https:\/\/laclassedulama.fr\/blog\/wp-json\/wp\/v2\/users\/1"}],"replies":[{"embeddable":true,"href":"https:\/\/laclassedulama.fr\/blog\/wp-json\/wp\/v2\/comments?post=237"}],"version-history":[{"count":62,"href":"https:\/\/laclassedulama.fr\/blog\/wp-json\/wp\/v2\/pages\/237\/revisions"}],"predecessor-version":[{"id":1763,"href":"https:\/\/laclassedulama.fr\/blog\/wp-json\/wp\/v2\/pages\/237\/revisions\/1763"}],"wp:featuredmedia":[{"embeddable":true,"href":"https:\/\/laclassedulama.fr\/blog\/wp-json\/wp\/v2\/media\/1754"}],"wp:attachment":[{"href":"https:\/\/laclassedulama.fr\/blog\/wp-json\/wp\/v2\/media?parent=237"}],"curies":[{"name":"wp","href":"https:\/\/api.w.org\/{rel}","templated":true}]}}