{"id":2760,"date":"2026-04-15T13:13:59","date_gmt":"2026-04-15T11:13:59","guid":{"rendered":"https:\/\/laclassedulama.fr\/blog\/?page_id=2760"},"modified":"2026-05-02T11:20:14","modified_gmt":"2026-05-02T09:20:14","slug":"le-boulier-du-lama","status":"publish","type":"page","link":"https:\/\/laclassedulama.fr\/blog\/le-boulier-du-lama\/","title":{"rendered":"Le boulier du lama"},"content":{"rendered":"\n<figure class=\"wp-block-image aligncenter size-full is-resized\"><img loading=\"lazy\" decoding=\"async\" width=\"1024\" height=\"1024\" src=\"https:\/\/laclassedulama.fr\/blog\/wp-content\/uploads\/2026\/04\/logo_leboulierdulama.jpg\" alt=\"\" class=\"wp-image-2762\" style=\"width:200px\" srcset=\"https:\/\/laclassedulama.fr\/blog\/wp-content\/uploads\/2026\/04\/logo_leboulierdulama.jpg 1024w, https:\/\/laclassedulama.fr\/blog\/wp-content\/uploads\/2026\/04\/logo_leboulierdulama-300x300.jpg 300w, https:\/\/laclassedulama.fr\/blog\/wp-content\/uploads\/2026\/04\/logo_leboulierdulama-150x150.jpg 150w, https:\/\/laclassedulama.fr\/blog\/wp-content\/uploads\/2026\/04\/logo_leboulierdulama-768x768.jpg 768w\" sizes=\"auto, (max-width: 1024px) 100vw, 1024px\" \/><\/figure>\n\n\n\n<p><strong>Le boulier du lama<\/strong> est une application libre propos\u00e9e par <strong>La classe du lama<\/strong>, en collaboration avec <strong>Laurence Le Corf<\/strong>.<\/p>\n\n\n\n<h5 class=\"wp-block-heading has-pale-cyan-blue-background-color has-background\">Acc\u00e8s :<\/h5>\n\n\n\n<p><strong>En ligne :<\/strong> <a href=\"https:\/\/laclassedulama.fr\/app_leboulierdulama\/\" target=\"_blank\" rel=\"noreferrer noopener\">https:\/\/laclassedulama.fr\/app_leboulierdulama\/<\/a><\/p>\n\n\n\n<p><strong>En t\u00e9l\u00e9chargement :<\/strong><\/p>\n\n\n\n<ul class=\"wp-block-list\">\n<li>Google Play : prochainement<\/li>\n\n\n\n<li>App Store : prochainement<\/li>\n\n\n\n<li>PC Windows \/ MacOS \/ Linux \/ Android(APK) : <a href=\"https:\/\/laclassedulama.fr\/blog\/download\/le-boulier-du-lama\/?wpdmdl=2855&amp;masterkey=OnsSIJT2mur6cNnWSacfws0h9XwhRHpj_DR2teW4XUejhSPjTVDIRZg91AmlU6GorT1C9CE0dxXnUL37TEYLd-AfHVId5-RTWdLPen-ZbbEM\" target=\"_blank\" rel=\"noreferrer noopener\">lien<\/a><\/li>\n<\/ul>\n\n\n\n<p><strong>Projet libre d\u00e9pos\u00e9 sur <a href=\"https:\/\/forge.apps.education.fr\/la-classe-du-lama\/\">la Forge des Communs Num\u00e9riques \u00c9ducatifs<\/a><\/strong><\/p>\n\n\n\n<h5 class=\"wp-block-heading has-luminous-vivid-amber-background-color has-background\">Qu&rsquo;est-ce que c&rsquo;est ?<\/h5>\n\n\n\n<figure class=\"wp-block-video\"><video height=\"720\" style=\"aspect-ratio: 1280 \/ 720;\" width=\"1280\" controls src=\"https:\/\/laclassedulama.fr\/blog\/wp-content\/uploads\/2026\/04\/Le-boulier-du-lama_1280x720_H.264_q26.00.mp4\"><\/video><\/figure>\n\n\n\n<figure class=\"wp-block-image size-large\"><img loading=\"lazy\" decoding=\"async\" width=\"1024\" height=\"600\" src=\"https:\/\/laclassedulama.fr\/blog\/wp-content\/uploads\/2026\/05\/SCR-20260502-jmvv-1024x600.png\" alt=\"\" class=\"wp-image-2847\" srcset=\"https:\/\/laclassedulama.fr\/blog\/wp-content\/uploads\/2026\/05\/SCR-20260502-jmvv-1024x600.png 1024w, https:\/\/laclassedulama.fr\/blog\/wp-content\/uploads\/2026\/05\/SCR-20260502-jmvv-300x176.png 300w, https:\/\/laclassedulama.fr\/blog\/wp-content\/uploads\/2026\/05\/SCR-20260502-jmvv-768x450.png 768w, https:\/\/laclassedulama.fr\/blog\/wp-content\/uploads\/2026\/05\/SCR-20260502-jmvv-1536x900.png 1536w, https:\/\/laclassedulama.fr\/blog\/wp-content\/uploads\/2026\/05\/SCR-20260502-jmvv-2048x1200.png 2048w\" sizes=\"auto, (max-width: 1024px) 100vw, 1024px\" \/><figcaption class=\"wp-element-caption\"><em>Mise \u00e0 jour 0.2 : ajout du mode \u00ab\u00a0manipuler librement jusque 100\u00a0\u00bb.<\/em><\/figcaption><\/figure>\n\n\n\n<figure class=\"wp-block-image size-large\"><img loading=\"lazy\" decoding=\"async\" width=\"1024\" height=\"601\" src=\"https:\/\/laclassedulama.fr\/blog\/wp-content\/uploads\/2026\/04\/leboulierdulama_capture_2-1024x601.png\" alt=\"\" class=\"wp-image-2767\" srcset=\"https:\/\/laclassedulama.fr\/blog\/wp-content\/uploads\/2026\/04\/leboulierdulama_capture_2-1024x601.png 1024w, https:\/\/laclassedulama.fr\/blog\/wp-content\/uploads\/2026\/04\/leboulierdulama_capture_2-300x176.png 300w, https:\/\/laclassedulama.fr\/blog\/wp-content\/uploads\/2026\/04\/leboulierdulama_capture_2-768x451.png 768w, https:\/\/laclassedulama.fr\/blog\/wp-content\/uploads\/2026\/04\/leboulierdulama_capture_2.png 1164w\" sizes=\"auto, (max-width: 1024px) 100vw, 1024px\" \/><\/figure>\n\n\n\n<h5 class=\"wp-block-heading\">Manipulation libre<\/h5>\n\n\n\n<figure class=\"wp-block-image aligncenter size-large\"><img loading=\"lazy\" decoding=\"async\" width=\"1024\" height=\"601\" src=\"https:\/\/laclassedulama.fr\/blog\/wp-content\/uploads\/2026\/04\/leboulierdulama_capture_9-1024x601.png\" alt=\"\" class=\"wp-image-2773\" srcset=\"https:\/\/laclassedulama.fr\/blog\/wp-content\/uploads\/2026\/04\/leboulierdulama_capture_9-1024x601.png 1024w, https:\/\/laclassedulama.fr\/blog\/wp-content\/uploads\/2026\/04\/leboulierdulama_capture_9-300x176.png 300w, https:\/\/laclassedulama.fr\/blog\/wp-content\/uploads\/2026\/04\/leboulierdulama_capture_9-768x451.png 768w, https:\/\/laclassedulama.fr\/blog\/wp-content\/uploads\/2026\/04\/leboulierdulama_capture_9.png 1164w\" sizes=\"auto, (max-width: 1024px) 100vw, 1024px\" \/><\/figure>\n\n\n\n<figure class=\"wp-block-image\"><img loading=\"lazy\" decoding=\"async\" width=\"2416\" height=\"1416\" src=\"https:\/\/laclassedulama.fr\/blog\/wp-content\/uploads\/2026\/05\/SCR-20260502-jnbf.png\" alt=\"\" class=\"wp-image-2848\" srcset=\"https:\/\/laclassedulama.fr\/blog\/wp-content\/uploads\/2026\/05\/SCR-20260502-jnbf.png 2416w, https:\/\/laclassedulama.fr\/blog\/wp-content\/uploads\/2026\/05\/SCR-20260502-jnbf-300x176.png 300w, https:\/\/laclassedulama.fr\/blog\/wp-content\/uploads\/2026\/05\/SCR-20260502-jnbf-1024x600.png 1024w, https:\/\/laclassedulama.fr\/blog\/wp-content\/uploads\/2026\/05\/SCR-20260502-jnbf-768x450.png 768w, https:\/\/laclassedulama.fr\/blog\/wp-content\/uploads\/2026\/05\/SCR-20260502-jnbf-1536x900.png 1536w, https:\/\/laclassedulama.fr\/blog\/wp-content\/uploads\/2026\/05\/SCR-20260502-jnbf-2048x1200.png 2048w\" sizes=\"auto, (max-width: 2416px) 100vw, 2416px\" \/><\/figure>\n\n\n\n<h5 class=\"wp-block-heading\">Jeu 1 : Repr\u00e9senter une quantit\u00e9<\/h5>\n\n\n\n<figure class=\"wp-block-gallery has-nested-images columns-2 is-cropped wp-block-gallery-1 is-layout-flex wp-block-gallery-is-layout-flex\">\n<figure class=\"wp-block-image size-large\"><img loading=\"lazy\" decoding=\"async\" width=\"1024\" height=\"601\" data-id=\"2768\" src=\"https:\/\/laclassedulama.fr\/blog\/wp-content\/uploads\/2026\/04\/leboulierdulama_capture_4-1024x601.png\" alt=\"\" class=\"wp-image-2768\" srcset=\"https:\/\/laclassedulama.fr\/blog\/wp-content\/uploads\/2026\/04\/leboulierdulama_capture_4-1024x601.png 1024w, https:\/\/laclassedulama.fr\/blog\/wp-content\/uploads\/2026\/04\/leboulierdulama_capture_4-300x176.png 300w, https:\/\/laclassedulama.fr\/blog\/wp-content\/uploads\/2026\/04\/leboulierdulama_capture_4-768x451.png 768w, https:\/\/laclassedulama.fr\/blog\/wp-content\/uploads\/2026\/04\/leboulierdulama_capture_4.png 1164w\" sizes=\"auto, (max-width: 1024px) 100vw, 1024px\" \/><\/figure>\n\n\n\n<figure class=\"wp-block-image size-large\"><img loading=\"lazy\" decoding=\"async\" width=\"1024\" height=\"601\" data-id=\"2771\" src=\"https:\/\/laclassedulama.fr\/blog\/wp-content\/uploads\/2026\/04\/leboulierdulama_capture_5-1024x601.png\" alt=\"\" class=\"wp-image-2771\" srcset=\"https:\/\/laclassedulama.fr\/blog\/wp-content\/uploads\/2026\/04\/leboulierdulama_capture_5-1024x601.png 1024w, https:\/\/laclassedulama.fr\/blog\/wp-content\/uploads\/2026\/04\/leboulierdulama_capture_5-300x176.png 300w, https:\/\/laclassedulama.fr\/blog\/wp-content\/uploads\/2026\/04\/leboulierdulama_capture_5-768x451.png 768w, https:\/\/laclassedulama.fr\/blog\/wp-content\/uploads\/2026\/04\/leboulierdulama_capture_5.png 1164w\" sizes=\"auto, (max-width: 1024px) 100vw, 1024px\" \/><\/figure>\n\n\n\n<figure class=\"wp-block-image size-large\"><img loading=\"lazy\" decoding=\"async\" width=\"1024\" height=\"601\" data-id=\"2769\" src=\"https:\/\/laclassedulama.fr\/blog\/wp-content\/uploads\/2026\/04\/leboulierdulama_capture_6-1024x601.png\" alt=\"\" class=\"wp-image-2769\" srcset=\"https:\/\/laclassedulama.fr\/blog\/wp-content\/uploads\/2026\/04\/leboulierdulama_capture_6-1024x601.png 1024w, https:\/\/laclassedulama.fr\/blog\/wp-content\/uploads\/2026\/04\/leboulierdulama_capture_6-300x176.png 300w, https:\/\/laclassedulama.fr\/blog\/wp-content\/uploads\/2026\/04\/leboulierdulama_capture_6-768x451.png 768w, https:\/\/laclassedulama.fr\/blog\/wp-content\/uploads\/2026\/04\/leboulierdulama_capture_6.png 1164w\" sizes=\"auto, (max-width: 1024px) 100vw, 1024px\" \/><\/figure>\n\n\n\n<figure class=\"wp-block-image size-large\"><img loading=\"lazy\" decoding=\"async\" width=\"1024\" height=\"601\" data-id=\"2770\" src=\"https:\/\/laclassedulama.fr\/blog\/wp-content\/uploads\/2026\/04\/leboulierdulama_capture_7-1024x601.png\" alt=\"\" class=\"wp-image-2770\" srcset=\"https:\/\/laclassedulama.fr\/blog\/wp-content\/uploads\/2026\/04\/leboulierdulama_capture_7-1024x601.png 1024w, https:\/\/laclassedulama.fr\/blog\/wp-content\/uploads\/2026\/04\/leboulierdulama_capture_7-300x176.png 300w, https:\/\/laclassedulama.fr\/blog\/wp-content\/uploads\/2026\/04\/leboulierdulama_capture_7-768x451.png 768w, https:\/\/laclassedulama.fr\/blog\/wp-content\/uploads\/2026\/04\/leboulierdulama_capture_7.png 1164w\" sizes=\"auto, (max-width: 1024px) 100vw, 1024px\" \/><\/figure>\n<\/figure>\n\n\n\n<h5 class=\"wp-block-heading\">Jeu 2 : Indiquer la quantit\u00e9 repr\u00e9sent\u00e9e<\/h5>\n\n\n\n<figure class=\"wp-block-image aligncenter size-large\"><img loading=\"lazy\" decoding=\"async\" width=\"1024\" height=\"601\" src=\"https:\/\/laclassedulama.fr\/blog\/wp-content\/uploads\/2026\/04\/leboulierdulama_capture_8-1024x601.png\" alt=\"\" class=\"wp-image-2772\" srcset=\"https:\/\/laclassedulama.fr\/blog\/wp-content\/uploads\/2026\/04\/leboulierdulama_capture_8-1024x601.png 1024w, https:\/\/laclassedulama.fr\/blog\/wp-content\/uploads\/2026\/04\/leboulierdulama_capture_8-300x176.png 300w, https:\/\/laclassedulama.fr\/blog\/wp-content\/uploads\/2026\/04\/leboulierdulama_capture_8-768x451.png 768w, https:\/\/laclassedulama.fr\/blog\/wp-content\/uploads\/2026\/04\/leboulierdulama_capture_8.png 1164w\" sizes=\"auto, (max-width: 1024px) 100vw, 1024px\" \/><\/figure>\n\n\n\n<h5 class=\"wp-block-heading\">VARIABLES DIDACTIQUES<\/h5>\n\n\n\n<figure class=\"wp-block-image size-large\"><img loading=\"lazy\" decoding=\"async\" width=\"1024\" height=\"601\" src=\"https:\/\/laclassedulama.fr\/blog\/wp-content\/uploads\/2026\/04\/leboulierdulama_capture_3-1024x601.png\" alt=\"\" class=\"wp-image-2774\" srcset=\"https:\/\/laclassedulama.fr\/blog\/wp-content\/uploads\/2026\/04\/leboulierdulama_capture_3-1024x601.png 1024w, https:\/\/laclassedulama.fr\/blog\/wp-content\/uploads\/2026\/04\/leboulierdulama_capture_3-300x176.png 300w, https:\/\/laclassedulama.fr\/blog\/wp-content\/uploads\/2026\/04\/leboulierdulama_capture_3-768x451.png 768w, https:\/\/laclassedulama.fr\/blog\/wp-content\/uploads\/2026\/04\/leboulierdulama_capture_3.png 1164w\" sizes=\"auto, (max-width: 1024px) 100vw, 1024px\" \/><\/figure>\n","protected":false},"excerpt":{"rendered":"<p>Le boulier du lama est une application libre propos\u00e9e par La classe du lama, en collaboration avec Laurence Le Corf. Acc\u00e8s : En ligne : https:\/\/laclassedulama.fr\/app_leboulierdulama\/ En t\u00e9l\u00e9chargement : Projet libre d\u00e9pos\u00e9 sur la Forge des Communs Num\u00e9riques \u00c9ducatifs Qu&rsquo;est-ce que c&rsquo;est ? Manipulation libre Jeu 1 : Repr\u00e9senter une quantit\u00e9 Jeu 2 : Indiquer [&hellip;]<\/p>\n","protected":false},"author":1,"featured_media":0,"parent":0,"menu_order":0,"comment_status":"closed","ping_status":"closed","template":"","meta":{"footnotes":""},"class_list":["post-2760","page","type-page","status-publish","hentry"],"_links":{"self":[{"href":"https:\/\/laclassedulama.fr\/blog\/wp-json\/wp\/v2\/pages\/2760","targetHints":{"allow":["GET"]}}],"collection":[{"href":"https:\/\/laclassedulama.fr\/blog\/wp-json\/wp\/v2\/pages"}],"about":[{"href":"https:\/\/laclassedulama.fr\/blog\/wp-json\/wp\/v2\/types\/page"}],"author":[{"embeddable":true,"href":"https:\/\/laclassedulama.fr\/blog\/wp-json\/wp\/v2\/users\/1"}],"replies":[{"embeddable":true,"href":"https:\/\/laclassedulama.fr\/blog\/wp-json\/wp\/v2\/comments?post=2760"}],"version-history":[{"count":13,"href":"https:\/\/laclassedulama.fr\/blog\/wp-json\/wp\/v2\/pages\/2760\/revisions"}],"predecessor-version":[{"id":2856,"href":"https:\/\/laclassedulama.fr\/blog\/wp-json\/wp\/v2\/pages\/2760\/revisions\/2856"}],"wp:attachment":[{"href":"https:\/\/laclassedulama.fr\/blog\/wp-json\/wp\/v2\/media?parent=2760"}],"curies":[{"name":"wp","href":"https:\/\/api.w.org\/{rel}","templated":true}]}}