{"id":2787,"date":"2026-04-16T19:12:00","date_gmt":"2026-04-16T17:12:00","guid":{"rendered":"https:\/\/laclassedulama.fr\/blog\/?page_id=2787"},"modified":"2026-04-17T15:53:14","modified_gmt":"2026-04-17T13:53:14","slug":"histoire-suzie-et-les-mots-courageux","status":"publish","type":"page","link":"https:\/\/laclassedulama.fr\/blog\/histoire-suzie-et-les-mots-courageux\/","title":{"rendered":"Histoire &#8211; Suzie et les mots courageux"},"content":{"rendered":"\n<blockquote class=\"wp-block-quote is-layout-flow wp-block-quote-is-layout-flow\">\n<p>L&rsquo;histoire raconte comment Suzie, un lama tr\u00e8s gentil, parvient \u00e0 s&rsquo;exprimer quand une situation la d\u00e9range gr\u00e2ce au message clair (inspir\u00e9 de la m\u00e9thode OSBD de la Communication Non Violente).<\/p>\n<\/blockquote>\n\n\n\n<figure class=\"wp-block-image aligncenter size-large is-resized\"><img loading=\"lazy\" decoding=\"async\" width=\"1024\" height=\"576\" src=\"https:\/\/laclassedulama.fr\/blog\/wp-content\/uploads\/2026\/04\/suzie_couverture-1024x576.jpeg\" alt=\"\" class=\"wp-image-2794\" style=\"aspect-ratio:1.77785375443395;width:394px;height:auto\" srcset=\"https:\/\/laclassedulama.fr\/blog\/wp-content\/uploads\/2026\/04\/suzie_couverture-1024x576.jpeg 1024w, https:\/\/laclassedulama.fr\/blog\/wp-content\/uploads\/2026\/04\/suzie_couverture-300x169.jpeg 300w, https:\/\/laclassedulama.fr\/blog\/wp-content\/uploads\/2026\/04\/suzie_couverture-768x432.jpeg 768w, https:\/\/laclassedulama.fr\/blog\/wp-content\/uploads\/2026\/04\/suzie_couverture-1536x864.jpeg 1536w, https:\/\/laclassedulama.fr\/blog\/wp-content\/uploads\/2026\/04\/suzie_couverture.jpeg 1920w\" sizes=\"auto, (max-width: 1024px) 100vw, 1024px\" \/><\/figure>\n\n\n\n<figure class=\"wp-block-video\"><video height=\"1080\" style=\"aspect-ratio: 1920 \/ 1080;\" width=\"1920\" controls src=\"https:\/\/laclassedulama.fr\/blog\/wp-content\/uploads\/2026\/04\/Suzie-et-les-mots-courageux_1920x1080_H.264_q26.00.mp4\"><\/video><\/figure>\n\n\n\n<p><em>Merci \u00e0 Elodie Hombert, co-r\u00e9dactrice de l&rsquo;histoire et narratrice dans la vid\u00e9o.<\/em><\/p>\n\n\n\n<div class=\"wp-block-group has-global-padding is-layout-constrained wp-block-group-is-layout-constrained\">\n<p class=\"has-light-green-cyan-background-color has-background\"><strong>Une histoire qui s&rsquo;inspire de la Communication Non Violente<\/strong><\/p>\n\n\n\n<p>Cette histoire a \u00e9t\u00e9 cr\u00e9e pour servir de support p\u00e9dagogique en s&rsquo;inspirant de la m\u00e9thode <strong>O.S.B.D,<\/strong> pour les 4 cl\u00e9s de la <strong>Communication Non Violente<\/strong>.<\/p>\n\n\n\n<figure class=\"wp-block-image aligncenter size-large is-resized\"><img loading=\"lazy\" decoding=\"async\" width=\"1024\" height=\"724\" src=\"https:\/\/laclassedulama.fr\/blog\/wp-content\/uploads\/2026\/04\/OSBD-message-clair-COEUR-VERT-1024x724.jpg\" alt=\"\" class=\"wp-image-2788\" style=\"aspect-ratio:1.4135236153584778;width:473px;height:auto\" srcset=\"https:\/\/laclassedulama.fr\/blog\/wp-content\/uploads\/2026\/04\/OSBD-message-clair-COEUR-VERT-1024x724.jpg 1024w, https:\/\/laclassedulama.fr\/blog\/wp-content\/uploads\/2026\/04\/OSBD-message-clair-COEUR-VERT-300x212.jpg 300w, https:\/\/laclassedulama.fr\/blog\/wp-content\/uploads\/2026\/04\/OSBD-message-clair-COEUR-VERT-768x543.jpg 768w, https:\/\/laclassedulama.fr\/blog\/wp-content\/uploads\/2026\/04\/OSBD-message-clair-COEUR-VERT-1536x1087.jpg 1536w, https:\/\/laclassedulama.fr\/blog\/wp-content\/uploads\/2026\/04\/OSBD-message-clair-COEUR-VERT-2048x1449.jpg 2048w\" sizes=\"auto, (max-width: 1024px) 100vw, 1024px\" \/><\/figure>\n<\/div>\n\n\n\n<figure class=\"wp-block-video aligncenter\"><video height=\"720\" style=\"aspect-ratio: 1280 \/ 720;\" width=\"1280\" controls src=\"https:\/\/laclassedulama.fr\/blog\/wp-content\/uploads\/2026\/04\/Suzie_mots_courageux_presentation_1280x720_H.264_q26.00.mp4\"><\/video><figcaption class=\"wp-element-caption\">Vid\u00e9o explicative<\/figcaption><\/figure>\n\n\n\n<div class=\"wp-block-group has-global-padding is-layout-constrained wp-block-group-is-layout-constrained\">\n<p class=\"has-pale-cyan-blue-background-color has-background has-medium-font-size\"><strong>Les ressources p\u00e9dagogiques<\/strong><\/p>\n\n\n\n<p><strong>Cliquez sur ce <a href=\"https:\/\/laclassedulama.fr\/blog\/download\/histoire-suzie-et-les-mots-courageux\/?wpdmdl=2837&amp;masterkey=OurjHo5bBNjpi-zQ82IdzVbWj_-1BHqOxAIuNkx5XJLxoaSBtag4TNz1fuB4X-YniZV1eOamqMyXDa6rL4ILlzrLu2BQYW3d37i9jP3uY4Yg\" target=\"_blank\" rel=\"noreferrer noopener\">LIEN<\/a> pour t\u00e9l\u00e9charger :<\/strong><\/p>\n\n\n\n<ul class=\"wp-block-list\">\n<li>l&rsquo;histoire \u00e0 imprimer (fichier PDF),<\/li>\n\n\n\n<li>la vid\u00e9o, <\/li>\n\n\n\n<li>des affiches sur le message clair.<\/li>\n\n\n\n<li>des coloriages, <\/li>\n\n\n\n<li>les personnages \u00e0 imprimer et d\u00e9couper pour raconter l&rsquo;histoire,<\/li>\n<\/ul>\n\n\n\n<p>Projet libre d\u00e9pos\u00e9 sur la <a href=\"https:\/\/forge.apps.education.fr\/la-classe-du-lama\">Forge des Communs Num\u00e9riques \u00c9ducatifs<\/a><\/p>\n\n\n\n<p><strong>Des affiches (simples ou compl\u00e8tes) sur le message clair :<\/strong><\/p>\n\n\n\n<figure class=\"wp-block-gallery has-nested-images columns-4 is-cropped wp-block-gallery-1 is-layout-flex wp-block-gallery-is-layout-flex\">\n<figure class=\"wp-block-image size-large\"><img loading=\"lazy\" decoding=\"async\" width=\"1024\" height=\"724\" data-id=\"2823\" src=\"https:\/\/laclassedulama.fr\/blog\/wp-content\/uploads\/2026\/04\/affiche_cursive_complet-1024x724.jpg\" alt=\"\" class=\"wp-image-2823\" srcset=\"https:\/\/laclassedulama.fr\/blog\/wp-content\/uploads\/2026\/04\/affiche_cursive_complet-1024x724.jpg 1024w, https:\/\/laclassedulama.fr\/blog\/wp-content\/uploads\/2026\/04\/affiche_cursive_complet-300x212.jpg 300w, https:\/\/laclassedulama.fr\/blog\/wp-content\/uploads\/2026\/04\/affiche_cursive_complet-768x543.jpg 768w, https:\/\/laclassedulama.fr\/blog\/wp-content\/uploads\/2026\/04\/affiche_cursive_complet-1536x1086.jpg 1536w, https:\/\/laclassedulama.fr\/blog\/wp-content\/uploads\/2026\/04\/affiche_cursive_complet-2048x1448.jpg 2048w\" sizes=\"auto, (max-width: 1024px) 100vw, 1024px\" \/><\/figure>\n\n\n\n<figure class=\"wp-block-image size-large\"><img loading=\"lazy\" decoding=\"async\" width=\"1024\" height=\"724\" data-id=\"2822\" src=\"https:\/\/laclassedulama.fr\/blog\/wp-content\/uploads\/2026\/04\/affiche_cursive-1024x724.jpg\" alt=\"\" class=\"wp-image-2822\" srcset=\"https:\/\/laclassedulama.fr\/blog\/wp-content\/uploads\/2026\/04\/affiche_cursive-1024x724.jpg 1024w, https:\/\/laclassedulama.fr\/blog\/wp-content\/uploads\/2026\/04\/affiche_cursive-300x212.jpg 300w, https:\/\/laclassedulama.fr\/blog\/wp-content\/uploads\/2026\/04\/affiche_cursive-768x543.jpg 768w, https:\/\/laclassedulama.fr\/blog\/wp-content\/uploads\/2026\/04\/affiche_cursive-1536x1086.jpg 1536w, https:\/\/laclassedulama.fr\/blog\/wp-content\/uploads\/2026\/04\/affiche_cursive-2048x1448.jpg 2048w\" sizes=\"auto, (max-width: 1024px) 100vw, 1024px\" \/><\/figure>\n\n\n\n<figure class=\"wp-block-image size-large\"><img loading=\"lazy\" decoding=\"async\" width=\"1024\" height=\"724\" data-id=\"2820\" src=\"https:\/\/laclassedulama.fr\/blog\/wp-content\/uploads\/2026\/04\/affiche_script_complet-1024x724.jpg\" alt=\"\" class=\"wp-image-2820\" srcset=\"https:\/\/laclassedulama.fr\/blog\/wp-content\/uploads\/2026\/04\/affiche_script_complet-1024x724.jpg 1024w, https:\/\/laclassedulama.fr\/blog\/wp-content\/uploads\/2026\/04\/affiche_script_complet-300x212.jpg 300w, https:\/\/laclassedulama.fr\/blog\/wp-content\/uploads\/2026\/04\/affiche_script_complet-768x543.jpg 768w, https:\/\/laclassedulama.fr\/blog\/wp-content\/uploads\/2026\/04\/affiche_script_complet-1536x1086.jpg 1536w, https:\/\/laclassedulama.fr\/blog\/wp-content\/uploads\/2026\/04\/affiche_script_complet-2048x1448.jpg 2048w\" sizes=\"auto, (max-width: 1024px) 100vw, 1024px\" \/><\/figure>\n\n\n\n<figure class=\"wp-block-image size-large\"><img loading=\"lazy\" decoding=\"async\" width=\"1024\" height=\"724\" data-id=\"2821\" src=\"https:\/\/laclassedulama.fr\/blog\/wp-content\/uploads\/2026\/04\/affiche_script-1024x724.jpg\" alt=\"\" class=\"wp-image-2821\" srcset=\"https:\/\/laclassedulama.fr\/blog\/wp-content\/uploads\/2026\/04\/affiche_script-1024x724.jpg 1024w, https:\/\/laclassedulama.fr\/blog\/wp-content\/uploads\/2026\/04\/affiche_script-300x212.jpg 300w, https:\/\/laclassedulama.fr\/blog\/wp-content\/uploads\/2026\/04\/affiche_script-768x543.jpg 768w, https:\/\/laclassedulama.fr\/blog\/wp-content\/uploads\/2026\/04\/affiche_script-1536x1086.jpg 1536w, https:\/\/laclassedulama.fr\/blog\/wp-content\/uploads\/2026\/04\/affiche_script-2048x1448.jpg 2048w\" sizes=\"auto, (max-width: 1024px) 100vw, 1024px\" \/><\/figure>\n<\/figure>\n\n\n\n<p><strong>Des coloriages :<\/strong><\/p>\n\n\n\n<figure class=\"wp-block-gallery has-nested-images columns-4 is-cropped wp-block-gallery-2 is-layout-flex wp-block-gallery-is-layout-flex\">\n<figure class=\"wp-block-image size-large\"><img loading=\"lazy\" decoding=\"async\" width=\"1024\" height=\"682\" data-id=\"2802\" src=\"https:\/\/laclassedulama.fr\/blog\/wp-content\/uploads\/2026\/04\/coloriage_1-Grande-1024x682.jpeg\" alt=\"\" class=\"wp-image-2802\" srcset=\"https:\/\/laclassedulama.fr\/blog\/wp-content\/uploads\/2026\/04\/coloriage_1-Grande-1024x682.jpeg 1024w, https:\/\/laclassedulama.fr\/blog\/wp-content\/uploads\/2026\/04\/coloriage_1-Grande-300x200.jpeg 300w, https:\/\/laclassedulama.fr\/blog\/wp-content\/uploads\/2026\/04\/coloriage_1-Grande-768x512.jpeg 768w, https:\/\/laclassedulama.fr\/blog\/wp-content\/uploads\/2026\/04\/coloriage_1-Grande.jpeg 1280w\" sizes=\"auto, (max-width: 1024px) 100vw, 1024px\" \/><\/figure>\n\n\n\n<figure class=\"wp-block-image size-large\"><img loading=\"lazy\" decoding=\"async\" width=\"1024\" height=\"682\" data-id=\"2803\" src=\"https:\/\/laclassedulama.fr\/blog\/wp-content\/uploads\/2026\/04\/coloriage_2-Grande-1024x682.jpeg\" alt=\"\" class=\"wp-image-2803\" srcset=\"https:\/\/laclassedulama.fr\/blog\/wp-content\/uploads\/2026\/04\/coloriage_2-Grande-1024x682.jpeg 1024w, https:\/\/laclassedulama.fr\/blog\/wp-content\/uploads\/2026\/04\/coloriage_2-Grande-300x200.jpeg 300w, https:\/\/laclassedulama.fr\/blog\/wp-content\/uploads\/2026\/04\/coloriage_2-Grande-768x512.jpeg 768w, https:\/\/laclassedulama.fr\/blog\/wp-content\/uploads\/2026\/04\/coloriage_2-Grande.jpeg 1280w\" sizes=\"auto, (max-width: 1024px) 100vw, 1024px\" \/><\/figure>\n\n\n\n<figure class=\"wp-block-image size-large\"><img loading=\"lazy\" decoding=\"async\" width=\"1024\" height=\"682\" data-id=\"2804\" src=\"https:\/\/laclassedulama.fr\/blog\/wp-content\/uploads\/2026\/04\/coloriage_5-Grande-1024x682.jpeg\" alt=\"\" class=\"wp-image-2804\" srcset=\"https:\/\/laclassedulama.fr\/blog\/wp-content\/uploads\/2026\/04\/coloriage_5-Grande-1024x682.jpeg 1024w, https:\/\/laclassedulama.fr\/blog\/wp-content\/uploads\/2026\/04\/coloriage_5-Grande-300x200.jpeg 300w, https:\/\/laclassedulama.fr\/blog\/wp-content\/uploads\/2026\/04\/coloriage_5-Grande-768x512.jpeg 768w, https:\/\/laclassedulama.fr\/blog\/wp-content\/uploads\/2026\/04\/coloriage_5-Grande.jpeg 1280w\" sizes=\"auto, (max-width: 1024px) 100vw, 1024px\" \/><\/figure>\n\n\n\n<figure class=\"wp-block-image size-large\"><img loading=\"lazy\" decoding=\"async\" width=\"1024\" height=\"682\" data-id=\"2805\" src=\"https:\/\/laclassedulama.fr\/blog\/wp-content\/uploads\/2026\/04\/coloriage_6-Grande-1024x682.jpeg\" alt=\"\" class=\"wp-image-2805\" srcset=\"https:\/\/laclassedulama.fr\/blog\/wp-content\/uploads\/2026\/04\/coloriage_6-Grande-1024x682.jpeg 1024w, https:\/\/laclassedulama.fr\/blog\/wp-content\/uploads\/2026\/04\/coloriage_6-Grande-300x200.jpeg 300w, https:\/\/laclassedulama.fr\/blog\/wp-content\/uploads\/2026\/04\/coloriage_6-Grande-768x512.jpeg 768w, https:\/\/laclassedulama.fr\/blog\/wp-content\/uploads\/2026\/04\/coloriage_6-Grande.jpeg 1280w\" sizes=\"auto, (max-width: 1024px) 100vw, 1024px\" \/><\/figure>\n<\/figure>\n\n\n\n<p><strong>Des marionnettes \u00e0 d\u00e9couper pour rejouer l&rsquo;histoire :<\/strong><\/p>\n\n\n\n<figure class=\"wp-block-gallery has-nested-images columns-5 is-cropped wp-block-gallery-3 is-layout-flex wp-block-gallery-is-layout-flex\">\n<figure class=\"wp-block-image size-large\"><img loading=\"lazy\" decoding=\"async\" width=\"724\" height=\"1024\" data-id=\"2810\" src=\"https:\/\/laclassedulama.fr\/blog\/wp-content\/uploads\/2026\/04\/marionnette_1-724x1024.png\" alt=\"\" class=\"wp-image-2810\" srcset=\"https:\/\/laclassedulama.fr\/blog\/wp-content\/uploads\/2026\/04\/marionnette_1-724x1024.png 724w, https:\/\/laclassedulama.fr\/blog\/wp-content\/uploads\/2026\/04\/marionnette_1-212x300.png 212w, https:\/\/laclassedulama.fr\/blog\/wp-content\/uploads\/2026\/04\/marionnette_1-768x1086.png 768w, https:\/\/laclassedulama.fr\/blog\/wp-content\/uploads\/2026\/04\/marionnette_1-1086x1536.png 1086w, https:\/\/laclassedulama.fr\/blog\/wp-content\/uploads\/2026\/04\/marionnette_1-1448x2048.png 1448w, https:\/\/laclassedulama.fr\/blog\/wp-content\/uploads\/2026\/04\/marionnette_1-scaled.png 1811w\" sizes=\"auto, (max-width: 724px) 100vw, 724px\" \/><\/figure>\n\n\n\n<figure class=\"wp-block-image size-large\"><img loading=\"lazy\" decoding=\"async\" width=\"724\" height=\"1024\" data-id=\"2814\" src=\"https:\/\/laclassedulama.fr\/blog\/wp-content\/uploads\/2026\/04\/marionnette_2-724x1024.png\" alt=\"\" class=\"wp-image-2814\" srcset=\"https:\/\/laclassedulama.fr\/blog\/wp-content\/uploads\/2026\/04\/marionnette_2-724x1024.png 724w, https:\/\/laclassedulama.fr\/blog\/wp-content\/uploads\/2026\/04\/marionnette_2-212x300.png 212w, https:\/\/laclassedulama.fr\/blog\/wp-content\/uploads\/2026\/04\/marionnette_2-768x1086.png 768w, https:\/\/laclassedulama.fr\/blog\/wp-content\/uploads\/2026\/04\/marionnette_2-1086x1536.png 1086w, https:\/\/laclassedulama.fr\/blog\/wp-content\/uploads\/2026\/04\/marionnette_2-1448x2048.png 1448w, https:\/\/laclassedulama.fr\/blog\/wp-content\/uploads\/2026\/04\/marionnette_2-scaled.png 1811w\" sizes=\"auto, (max-width: 724px) 100vw, 724px\" \/><\/figure>\n\n\n\n<figure class=\"wp-block-image size-large\"><img loading=\"lazy\" decoding=\"async\" width=\"724\" height=\"1024\" data-id=\"2811\" src=\"https:\/\/laclassedulama.fr\/blog\/wp-content\/uploads\/2026\/04\/marionnette_3-724x1024.png\" alt=\"\" class=\"wp-image-2811\" srcset=\"https:\/\/laclassedulama.fr\/blog\/wp-content\/uploads\/2026\/04\/marionnette_3-724x1024.png 724w, https:\/\/laclassedulama.fr\/blog\/wp-content\/uploads\/2026\/04\/marionnette_3-212x300.png 212w, https:\/\/laclassedulama.fr\/blog\/wp-content\/uploads\/2026\/04\/marionnette_3-768x1086.png 768w, https:\/\/laclassedulama.fr\/blog\/wp-content\/uploads\/2026\/04\/marionnette_3-1086x1536.png 1086w, https:\/\/laclassedulama.fr\/blog\/wp-content\/uploads\/2026\/04\/marionnette_3-1448x2048.png 1448w, https:\/\/laclassedulama.fr\/blog\/wp-content\/uploads\/2026\/04\/marionnette_3-scaled.png 1811w\" sizes=\"auto, (max-width: 724px) 100vw, 724px\" \/><\/figure>\n\n\n\n<figure class=\"wp-block-image size-large\"><img loading=\"lazy\" decoding=\"async\" width=\"724\" height=\"1024\" data-id=\"2812\" src=\"https:\/\/laclassedulama.fr\/blog\/wp-content\/uploads\/2026\/04\/marionnette_4-724x1024.png\" alt=\"\" class=\"wp-image-2812\" srcset=\"https:\/\/laclassedulama.fr\/blog\/wp-content\/uploads\/2026\/04\/marionnette_4-724x1024.png 724w, https:\/\/laclassedulama.fr\/blog\/wp-content\/uploads\/2026\/04\/marionnette_4-212x300.png 212w, https:\/\/laclassedulama.fr\/blog\/wp-content\/uploads\/2026\/04\/marionnette_4-768x1086.png 768w, https:\/\/laclassedulama.fr\/blog\/wp-content\/uploads\/2026\/04\/marionnette_4-1086x1536.png 1086w, https:\/\/laclassedulama.fr\/blog\/wp-content\/uploads\/2026\/04\/marionnette_4-1448x2048.png 1448w, https:\/\/laclassedulama.fr\/blog\/wp-content\/uploads\/2026\/04\/marionnette_4-scaled.png 1811w\" sizes=\"auto, (max-width: 724px) 100vw, 724px\" \/><\/figure>\n\n\n\n<figure class=\"wp-block-image size-large\"><img loading=\"lazy\" decoding=\"async\" width=\"724\" height=\"1024\" data-id=\"2813\" src=\"https:\/\/laclassedulama.fr\/blog\/wp-content\/uploads\/2026\/04\/marionnette_5-724x1024.png\" alt=\"\" class=\"wp-image-2813\" srcset=\"https:\/\/laclassedulama.fr\/blog\/wp-content\/uploads\/2026\/04\/marionnette_5-724x1024.png 724w, https:\/\/laclassedulama.fr\/blog\/wp-content\/uploads\/2026\/04\/marionnette_5-212x300.png 212w, https:\/\/laclassedulama.fr\/blog\/wp-content\/uploads\/2026\/04\/marionnette_5-768x1086.png 768w, https:\/\/laclassedulama.fr\/blog\/wp-content\/uploads\/2026\/04\/marionnette_5-1086x1536.png 1086w, https:\/\/laclassedulama.fr\/blog\/wp-content\/uploads\/2026\/04\/marionnette_5-1448x2048.png 1448w, https:\/\/laclassedulama.fr\/blog\/wp-content\/uploads\/2026\/04\/marionnette_5-scaled.png 1811w\" sizes=\"auto, (max-width: 724px) 100vw, 724px\" \/><\/figure>\n<\/figure>\n<\/div>\n\n\n\n<p class=\"has-luminous-vivid-amber-background-color has-background\"><strong>Le message clair : un outil qui aide les \u00e9l\u00e8ves \u00e0 exprimer leurs sentiments<\/strong><\/p>\n\n\n\n<blockquote class=\"wp-block-quote is-layout-flow wp-block-quote-is-layout-flow\">\n<p><strong>Explications d&rsquo;Elodie Hombert, P.E \u00e0 l&rsquo;\u00e9cole maternelle Falli\u00e8res \u00e0 H\u00e9nin-Beaumont.<\/strong><\/p>\n<\/blockquote>\n\n\n\n<p class=\"has-vivid-purple-color has-text-color has-link-color wp-elements-e2c2ee3f3d9722a66f82059e7bbce698\"><strong>Qu\u2019est-ce que le message clair ?<\/strong><\/p>\n\n\n\n<p>Le message clair est un outil qui aide les \u00e9l\u00e8ves \u00e0 exprimer ce qu\u2019ils vivent lorsqu\u2019une situation les d\u00e9range.<\/p>\n\n\n\n<p>Dans notre \u00e9cole, nous utilisons le bonhomme&nbsp;<strong>OSBD<\/strong>&nbsp;:<\/p>\n\n\n\n<ul class=\"wp-block-list\">\n<li><strong>Observation<\/strong>&nbsp;: \u201cQuand tu fais \u00e7a\u2026\u201d&nbsp;<\/li>\n\n\n\n<li><strong>Sentiment<\/strong>&nbsp;: \u201cJe ressens\u2026\u201d&nbsp;<\/li>\n\n\n\n<li><strong>Besoin<\/strong>&nbsp;: \u201cJ\u2019ai besoin de\u2026\u201d&nbsp;<\/li>\n\n\n\n<li><strong>Demande<\/strong>&nbsp;: \u201cJ\u2019aimerais que\u2026\u201d&nbsp;<\/li>\n<\/ul>\n\n\n\n<p>Le fait de passer par un bonhomme constitue un support visuel tr\u00e8s aidant pour les \u00e9l\u00e8ves, en particulier en maternelle.<br>Ils peuvent ainsi s\u2019appuyer sur les diff\u00e9rentes parties du corps pour se rep\u00e9rer :<br>\u2022 la t\u00eate pour observer<br>\u2022 le c\u0153ur pour dire le sentiment<br>\u2022 le ventre pour exprimer le besoin<br>\u2022 les jambes pour avancer vers une demande<\/p>\n\n\n\n<p>Cette repr\u00e9sentation concr\u00e8te les aide \u00e0 m\u00e9moriser les \u00e9tapes et \u00e0 structurer leur parole.<\/p>\n\n\n\n<p class=\"has-vivid-purple-color has-text-color has-link-color has-medium-font-size wp-elements-6889814b01af6b1a7d6b065660cb39c1\"><strong>Comment amener le message clair aux \u00e9l\u00e8ves ?<\/strong><\/p>\n\n\n\n<p>Le message clair s\u2019introduit d\u00e8s le d\u00e9but d\u2019ann\u00e9e, apr\u00e8s un travail sur les r\u00e8gles de vie de la classe.<br>Par exemple, \u00e0 partir de la r\u00e8gle&nbsp;<em>\u201cil faut \u00eatre gentil avec ses camarades\u201d<\/em>, les \u00e9l\u00e8ves r\u00e9fl\u00e9chissent ensemble :&nbsp;<em>Qu\u2019est-ce que cela veut dire, \u00eatre gentil ?<\/em><\/p>\n\n\n\n<p>Un travail sur les \u00e9motions est \u00e9galement indispensable afin que les enfants apprennent \u00e0 mettre des mots sur ce qu\u2019ils ressentent. Cela leur permet ensuite d\u2019utiliser plus facilement le message clair.<\/p>\n\n\n\n<p>On introduit alors le message clair comme un outil concret pour mieux vivre ensemble.<br>Des histoires (comme celle de Suzie), des jeux de r\u00f4le et des situations v\u00e9cues permettent aux \u00e9l\u00e8ves de s\u2019approprier progressivement chaque \u00e9tape du bonhomme OSBD.<\/p>\n\n\n\n<p class=\"has-vivid-purple-color has-text-color has-link-color wp-elements-80da3d69e20f53a6b6ad7774a00d20fc\"><strong>Comment utilise-t-on le message clair au quotidien ?<\/strong><\/p>\n\n\n\n<p>Le message clair est utilis\u00e9 dans les situations r\u00e9elles de conflit, en classe comme dans la cour de r\u00e9cr\u00e9ation.<\/p>\n\n\n\n<p>Lorsqu\u2019un probl\u00e8me survient, les \u00e9l\u00e8ves sont encourag\u00e9s \u00e0 se parler directement, \u00e0 utiliser les \u00e9tapes du bonhomme OSBD et \u00e0 chercher ensemble une solution.<br>L\u2019adulte accompagne au d\u00e9but, puis les \u00e9l\u00e8ves deviennent progressivement autonomes dans leur mani\u00e8re de communiquer.<\/p>\n\n\n\n<p class=\"has-vivid-purple-color has-text-color has-link-color wp-elements-e9cad0bccee6166c0fd67230aad698cc\"><strong>Quels effets observe-t-on \u00e0 l\u2019\u00e9cole\u2026 et \u00e0 la maison ?<\/strong><\/p>\n\n\n\n<p>Depuis la mise en place du message clair, nous observons un climat de classe plus serein, des conflits mieux g\u00e9r\u00e9s et plus courts, ainsi que des \u00e9l\u00e8ves plus \u00e0 l\u2019\u00e9coute les uns des autres.<\/p>\n\n\n\n<p>On constate \u00e9galement que cet outil d\u00e9passe le cadre de l\u2019\u00e9cole : certains \u00e9l\u00e8ves r\u00e9utilisent spontan\u00e9ment le message clair \u00e0 la maison, avec leurs fr\u00e8res, s\u0153urs ou leurs parents.<br>Cela montre qu\u2019ils s\u2019approprient r\u00e9ellement cette mani\u00e8re de communiquer.<\/p>\n\n\n\n<p><\/p>\n\n\n\n<figure class=\"wp-block-image aligncenter size-large is-resized\"><a href=\"https:\/\/laclassedulama.fr\/blog\/soutenez-le-projet\/\"><img loading=\"lazy\" decoding=\"async\" width=\"1024\" height=\"1024\" src=\"https:\/\/laclassedulama.fr\/blog\/wp-content\/uploads\/2025\/08\/IMG_2771-1024x1024.jpg\" alt=\"\" class=\"wp-image-1810\" style=\"width:288px;height:auto\" srcset=\"https:\/\/laclassedulama.fr\/blog\/wp-content\/uploads\/2025\/08\/IMG_2771-1024x1024.jpg 1024w, https:\/\/laclassedulama.fr\/blog\/wp-content\/uploads\/2025\/08\/IMG_2771-300x300.jpg 300w, https:\/\/laclassedulama.fr\/blog\/wp-content\/uploads\/2025\/08\/IMG_2771-150x150.jpg 150w, https:\/\/laclassedulama.fr\/blog\/wp-content\/uploads\/2025\/08\/IMG_2771-768x768.jpg 768w, https:\/\/laclassedulama.fr\/blog\/wp-content\/uploads\/2025\/08\/IMG_2771.jpg 1080w\" sizes=\"auto, (max-width: 1024px) 100vw, 1024px\" \/><\/a><\/figure>\n","protected":false},"excerpt":{"rendered":"<p>L&rsquo;histoire raconte comment Suzie, un lama tr\u00e8s gentil, parvient \u00e0 s&rsquo;exprimer quand une situation la d\u00e9range gr\u00e2ce au message clair (inspir\u00e9 de la m\u00e9thode OSBD de la Communication Non Violente). Merci \u00e0 Elodie Hombert, co-r\u00e9dactrice de l&rsquo;histoire et narratrice dans la vid\u00e9o. Une histoire qui s&rsquo;inspire de la Communication Non Violente Cette histoire a \u00e9t\u00e9 [&hellip;]<\/p>\n","protected":false},"author":1,"featured_media":2794,"parent":0,"menu_order":0,"comment_status":"closed","ping_status":"closed","template":"","meta":{"footnotes":""},"class_list":["post-2787","page","type-page","status-publish","has-post-thumbnail","hentry"],"_links":{"self":[{"href":"https:\/\/laclassedulama.fr\/blog\/wp-json\/wp\/v2\/pages\/2787","targetHints":{"allow":["GET"]}}],"collection":[{"href":"https:\/\/laclassedulama.fr\/blog\/wp-json\/wp\/v2\/pages"}],"about":[{"href":"https:\/\/laclassedulama.fr\/blog\/wp-json\/wp\/v2\/types\/page"}],"author":[{"embeddable":true,"href":"https:\/\/laclassedulama.fr\/blog\/wp-json\/wp\/v2\/users\/1"}],"replies":[{"embeddable":true,"href":"https:\/\/laclassedulama.fr\/blog\/wp-json\/wp\/v2\/comments?post=2787"}],"version-history":[{"count":17,"href":"https:\/\/laclassedulama.fr\/blog\/wp-json\/wp\/v2\/pages\/2787\/revisions"}],"predecessor-version":[{"id":2843,"href":"https:\/\/laclassedulama.fr\/blog\/wp-json\/wp\/v2\/pages\/2787\/revisions\/2843"}],"wp:featuredmedia":[{"embeddable":true,"href":"https:\/\/laclassedulama.fr\/blog\/wp-json\/wp\/v2\/media\/2794"}],"wp:attachment":[{"href":"https:\/\/laclassedulama.fr\/blog\/wp-json\/wp\/v2\/media?parent=2787"}],"curies":[{"name":"wp","href":"https:\/\/api.w.org\/{rel}","templated":true}]}}