{"id":420,"date":"2023-10-30T09:07:27","date_gmt":"2023-10-30T08:07:27","guid":{"rendered":"https:\/\/laclassedulama.fr\/blog\/?page_id=420"},"modified":"2026-03-28T10:49:13","modified_gmt":"2026-03-28T09:49:13","slug":"espace-membre","status":"publish","type":"page","link":"https:\/\/laclassedulama.fr\/blog\/espace-membre\/","title":{"rendered":"Espace membres"},"content":{"rendered":"\n<div class=\"wp-block-group alignwide has-pale-cyan-blue-background-color has-background has-global-padding is-layout-constrained wp-block-group-is-layout-constrained\" style=\"border-radius:20px\">\n<p class=\"has-text-align-center has-vivid-red-color has-text-color has-link-color has-medium-font-size wp-elements-8db315eaf25a200b9a6d78f195206f2f\"><strong>Cet espace est r\u00e9serv\u00e9 aux adh\u00e9rents de l\u2019association.<\/strong><br><em>( \u26a0\ufe0f Inutile de cliquer et de vous inscrire si vous n&rsquo;\u00eates pas d\u00e9j\u00e0 <a href=\"https:\/\/laclassedulama.fr\/blog\/soutenez-le-projet\/\" data-type=\"page\" data-id=\"50\">adh\u00e9rent<\/a>).<\/em><\/p>\n\n\n\n<div class=\"wp-block-buttons is-content-justification-center is-layout-flex wp-container-core-buttons-is-layout-a89b3969 wp-block-buttons-is-layout-flex\">\n<div class=\"wp-block-button\"><a class=\"wp-block-button__link wp-element-button\" href=\"https:\/\/laclassedulama.frama.space\/\" target=\"_blank\" rel=\"noreferrer noopener\">Acc\u00e8s \u00e0 l\u2019espace de travail associatif<\/a><\/div>\n<\/div>\n\n\n\n<p class=\"has-text-align-center\">Si vous souhaitez simplement \u00e9changer avec les membres de l&rsquo;association,<br><a href=\"https:\/\/framateam.org\/signup_user_complete\/?id=h5cdfhnpgi8jtkt8pg3nd9n1jr&amp;md=link&amp;sbr=su\" target=\"_blank\" rel=\"noreferrer noopener\"><em>rendez-vous <\/em>sur FramaTeam <em>Mattermost<\/em><\/a> !<\/p>\n<\/div>\n\n\n\n<p><\/p>\n","protected":false},"excerpt":{"rendered":"<p>Cet espace est r\u00e9serv\u00e9 aux adh\u00e9rents de l\u2019association.( \u26a0\ufe0f Inutile de cliquer et de vous inscrire si vous n&rsquo;\u00eates pas d\u00e9j\u00e0 adh\u00e9rent). Si vous souhaitez simplement \u00e9changer avec les membres de l&rsquo;association,rendez-vous sur FramaTeam Mattermost !<\/p>\n","protected":false},"author":1,"featured_media":0,"parent":0,"menu_order":0,"comment_status":"closed","ping_status":"closed","template":"","meta":{"footnotes":""},"class_list":["post-420","page","type-page","status-publish","hentry"],"_links":{"self":[{"href":"https:\/\/laclassedulama.fr\/blog\/wp-json\/wp\/v2\/pages\/420","targetHints":{"allow":["GET"]}}],"collection":[{"href":"https:\/\/laclassedulama.fr\/blog\/wp-json\/wp\/v2\/pages"}],"about":[{"href":"https:\/\/laclassedulama.fr\/blog\/wp-json\/wp\/v2\/types\/page"}],"author":[{"embeddable":true,"href":"https:\/\/laclassedulama.fr\/blog\/wp-json\/wp\/v2\/users\/1"}],"replies":[{"embeddable":true,"href":"https:\/\/laclassedulama.fr\/blog\/wp-json\/wp\/v2\/comments?post=420"}],"version-history":[{"count":9,"href":"https:\/\/laclassedulama.fr\/blog\/wp-json\/wp\/v2\/pages\/420\/revisions"}],"predecessor-version":[{"id":2751,"href":"https:\/\/laclassedulama.fr\/blog\/wp-json\/wp\/v2\/pages\/420\/revisions\/2751"}],"wp:attachment":[{"href":"https:\/\/laclassedulama.fr\/blog\/wp-json\/wp\/v2\/media?parent=420"}],"curies":[{"name":"wp","href":"https:\/\/api.w.org\/{rel}","templated":true}]}}